{"id":74,"date":"2024-12-11T16:07:28","date_gmt":"2024-12-11T16:07:28","guid":{"rendered":"https:\/\/ieisam.edu.pe\/?page_id=74"},"modified":"2024-12-15T16:09:10","modified_gmt":"2024-12-15T16:09:10","slug":"nosotros","status":"publish","type":"page","link":"https:\/\/ieisam.edu.pe\/index.php\/nosotros\/","title":{"rendered":"Nosotros"},"content":{"rendered":"\t\t<div data-elementor-type=\"wp-page\" data-elementor-id=\"74\" class=\"elementor elementor-74\">\n\t\t\t\t\t\t<section class=\"elementor-section elementor-top-section elementor-element elementor-element-a558b46 elementor-section-content-middle elementor-section-boxed elementor-section-height-default elementor-section-height-default\" data-id=\"a558b46\" data-element_type=\"section\" data-e-type=\"section\" data-settings=\"{&quot;background_background&quot;:&quot;classic&quot;}\">\n\t\t\t\t\t\t<div class=\"elementor-container elementor-column-gap-no\">\n\t\t\t\t\t<div class=\"elementor-column elementor-col-100 elementor-top-column elementor-element elementor-element-17747c01\" data-id=\"17747c01\" data-element_type=\"column\" data-e-type=\"column\">\n\t\t\t<div class=\"elementor-widget-wrap\">\n\t\t\t\t\t\t\t<\/div>\n\t\t<\/div>\n\t\t\t\t\t<\/div>\n\t\t<\/section>\n\t\t\t\t<section class=\"elementor-section elementor-top-section elementor-element elementor-element-db5d175 elementor-section-boxed elementor-section-height-default elementor-section-height-default\" data-id=\"db5d175\" data-element_type=\"section\" data-e-type=\"section\">\n\t\t\t\t\t\t<div class=\"elementor-container elementor-column-gap-default\">\n\t\t\t\t\t<div class=\"elementor-column elementor-col-100 elementor-top-column elementor-element elementor-element-a30529c\" data-id=\"a30529c\" data-element_type=\"column\" data-e-type=\"column\">\n\t\t\t<div class=\"elementor-widget-wrap elementor-element-populated\">\n\t\t\t\t\t\t<div class=\"elementor-element elementor-element-727129f elementor-widget elementor-widget-text-editor\" data-id=\"727129f\" data-element_type=\"widget\" data-e-type=\"widget\" data-widget_type=\"text-editor.default\">\n\t\t\t\t<div class=\"elementor-widget-container\">\n\t\t\t\t\t\t\t\t\t<p>Somos una instituci\u00f3n educativa p\u00fablica que brinda servicio educativo a estudiantes del nivel inicial, primaria y secundaria. Asimismo, somos un Modelo de Servicio Educativo de Secundaria con Formaci\u00f3n T\u00e9cnica (MSE SFT).\u00a0 Estamos ubicados en el centro poblado de El Ermita\u00f1o, del\u00a0 \u00a0distrito de Independencia que este\u00a0 a\u00f1o 2024\u00a0 se encuentra en la etapa de construcci\u00f3n\u00a0 del Proyecto Especial de Inversi\u00f3n P\u00fablica (PEIP), ESCUELAS\u00a0 BICENTENARIO,\u00a0 para el 2025 contaremos con una\u00a0 \u00a0infraestructura y mobiliario educativo\u00a0 con altos est\u00e1ndares de calidad a nivel internacional.<\/p><p>Contamos con un equipo directivo, administrativo y docente altamente calificado y comprometido con la formaci\u00f3n integral de nuestros estudiantes, enfoc\u00e1ndonos en la mejora continua de sus aprendizajes.<\/p><p>Brindamos especialidades relacionadas con el desarrollo econ\u00f3mico local, regional y nacional en armon\u00eda con el medio ambiente y acorde a la demanda del mercado econ\u00f3mico y laboral. Al mismo, tiempo brindamos servicio educativo humanista de calidad, sirviendo a la ni\u00f1ez y la juventud en la mejora de sus aprendizajes.<\/p><p>Nuestra IE cuenta con un equipo directivo, administrativo y plana docente calificados y\u00a0 comprometidos con la formaci\u00f3n integral de los estudiantes para la mejora de sus aprendizajes.<\/p><p>Los padres de familia de nuestra instituci\u00f3n se dedican a diversas actividades econ\u00f3micas para generar ingresos, incluyendo el comercio formal e informal, la cerrajer\u00eda metalmec\u00e1nica, la alba\u00f1iler\u00eda y gasfiter\u00eda. Tambi\u00e9n encontramos padres que trabajan en talleres de corte y confecci\u00f3n de ropa, en salones de belleza y barber\u00edas, as\u00ed como en f\u00e1bricas de vidrio en la zona industrial de Independencia. Otros padres est\u00e1n involucrados en la gastronom\u00eda, el arreglo de computadoras y celulares.<\/p><p>Ofrecemos especialidades t\u00e9cnicas en Industria del Vestido, Ebanister\u00eda, Cosmetolog\u00eda y Computaci\u00f3n e Inform\u00e1tica. Nuestra misi\u00f3n es proporcionar a la comunidad del distrito de Independencia una educaci\u00f3n humanista y t\u00e9cnica de calidad, alineada con los avances en ciencia y tecnolog\u00eda para alcanzar la excelencia educativa con una formaci\u00f3n que impulse el desarrollo econ\u00f3mico local, regional y nacional, respetando el medio ambiente y respondiendo a las demandas del mercado econ\u00f3mico y laboral.<\/p><p>.<\/p>\t\t\t\t\t\t\t\t<\/div>\n\t\t\t\t<\/div>\n\t\t\t\t\t<\/div>\n\t\t<\/div>\n\t\t\t\t\t<\/div>\n\t\t<\/section>\n\t\t\t\t<\/div>\n\t\t","protected":false},"excerpt":{"rendered":"<p>Somos una instituci\u00f3n educativa p\u00fablica que brinda servicio educativo a estudiantes del nivel inicial, primaria y secundaria. Asimismo, somos un [&hellip;]<\/p>\n","protected":false},"author":1,"featured_media":0,"parent":0,"menu_order":0,"comment_status":"closed","ping_status":"closed","template":"","meta":{"site-sidebar-layout":"no-sidebar","site-content-layout":"","ast-site-content-layout":"full-width-container","site-content-style":"default","site-sidebar-style":"default","ast-global-header-display":"","ast-banner-title-visibility":"","ast-main-header-display":"","ast-hfb-above-header-display":"","ast-hfb-below-header-display":"","ast-hfb-mobile-header-display":"","site-post-title":"disabled","ast-breadcrumbs-content":"","ast-featured-img":"disabled","footer-sml-layout":"","theme-transparent-header-meta":"","adv-header-id-meta":"","stick-header-meta":"","header-above-stick-meta":"","header-main-stick-meta":"","header-below-stick-meta":"","astra-migrate-meta-layouts":"default","ast-page-background-enabled":"default","ast-page-background-meta":{"desktop":{"background-color":"var(--ast-global-color-4)","background-image":"","background-repeat":"repeat","background-position":"center center","background-size":"auto","background-attachment":"scroll","background-type":"","background-media":"","overlay-type":"","overlay-color":"","overlay-opacity":"","overlay-gradient":""},"tablet":{"background-color":"","background-image":"","background-repeat":"repeat","background-position":"center center","background-size":"auto","background-attachment":"scroll","background-type":"","background-media":"","overlay-type":"","overlay-color":"","overlay-opacity":"","overlay-gradient":""},"mobile":{"background-color":"","background-image":"","background-repeat":"repeat","background-position":"center center","background-size":"auto","background-attachment":"scroll","background-type":"","background-media":"","overlay-type":"","overlay-color":"","overlay-opacity":"","overlay-gradient":""}},"ast-content-background-meta":{"desktop":{"background-color":"var(--ast-global-color-5)","background-image":"","background-repeat":"repeat","background-position":"center center","background-size":"auto","background-attachment":"scroll","background-type":"","background-media":"","overlay-type":"","overlay-color":"","overlay-opacity":"","overlay-gradient":""},"tablet":{"background-color":"var(--ast-global-color-5)","background-image":"","background-repeat":"repeat","background-position":"center center","background-size":"auto","background-attachment":"scroll","background-type":"","background-media":"","overlay-type":"","overlay-color":"","overlay-opacity":"","overlay-gradient":""},"mobile":{"background-color":"var(--ast-global-color-5)","background-image":"","background-repeat":"repeat","background-position":"center center","background-size":"auto","background-attachment":"scroll","background-type":"","background-media":"","overlay-type":"","overlay-color":"","overlay-opacity":"","overlay-gradient":""}},"footnotes":""},"class_list":["post-74","page","type-page","status-publish","hentry"],"_links":{"self":[{"href":"https:\/\/ieisam.edu.pe\/index.php\/wp-json\/wp\/v2\/pages\/74","targetHints":{"allow":["GET"]}}],"collection":[{"href":"https:\/\/ieisam.edu.pe\/index.php\/wp-json\/wp\/v2\/pages"}],"about":[{"href":"https:\/\/ieisam.edu.pe\/index.php\/wp-json\/wp\/v2\/types\/page"}],"author":[{"embeddable":true,"href":"https:\/\/ieisam.edu.pe\/index.php\/wp-json\/wp\/v2\/users\/1"}],"replies":[{"embeddable":true,"href":"https:\/\/ieisam.edu.pe\/index.php\/wp-json\/wp\/v2\/comments?post=74"}],"version-history":[{"count":10,"href":"https:\/\/ieisam.edu.pe\/index.php\/wp-json\/wp\/v2\/pages\/74\/revisions"}],"predecessor-version":[{"id":135,"href":"https:\/\/ieisam.edu.pe\/index.php\/wp-json\/wp\/v2\/pages\/74\/revisions\/135"}],"wp:attachment":[{"href":"https:\/\/ieisam.edu.pe\/index.php\/wp-json\/wp\/v2\/media?parent=74"}],"curies":[{"name":"wp","href":"https:\/\/api.w.org\/{rel}","templated":true}]}}